{"id":632,"date":"2023-04-04T13:11:33","date_gmt":"2023-04-04T11:11:33","guid":{"rendered":"http:\/\/cliniqueanimalzen.fr\/?page_id=632"},"modified":"2023-04-04T15:07:48","modified_gmt":"2023-04-04T13:07:48","slug":"nac","status":"publish","type":"page","link":"https:\/\/cliniqueanimalzen.fr\/index.php\/nac\/","title":{"rendered":"NAC"},"content":{"rendered":"\n<h2 class=\"wp-block-heading has-text-align-center\">Les NACs<\/h2>\n\n\n\n<h4 class=\"wp-block-heading\"><span style=\"text-decoration: underline;\">Amener son NAC en consultation :<\/span><\/h4>\n\n\n\n<p>Contrairement au chien qui sort souvent de son p\u00e9rim\u00e8tre d&rsquo;habitation avec ses ma\u00eetres pour les balades, le lapin, le cobaye ou le furet n&rsquo;ont pas l&rsquo;habitude d&rsquo;\u00eatre sortis hors de leur domaine. Le risque de stress est donc d&#8217;embl\u00e9e beaucoup plus \u00e9lev\u00e9 chez ces esp\u00e8ces, surtout pour les lapins et cobayes qui sont des proies (s\u2019effrayent facilement).<\/p>\n\n\n\n<p>Il est primordial de les habituer \u00e0 aller sans stress dans leur boite de transport et dans la voiture, afin que le trajet et l&rsquo;attente \u00e0 la clinique se passent le mieux possible.<\/p>\n\n\n\n<h4 class=\"wp-block-heading\"><span style=\"text-decoration: underline;\">Comment habituer votre lapin, cobaye ou furet \u00e0 entrer dans sa boite de transport<\/span> :<\/h4>\n\n\n\n<p>Les outils importants:<\/p>\n\n\n\n<ul class=\"wp-block-list\">\n<li>Une boite adapt\u00e9e<\/li>\n\n\n\n<li>Des friandises qui sont motivantes<\/li>\n\n\n\n<li>Les jouets pr\u00e9f\u00e9r\u00e9s<\/li>\n\n\n\n<li>Choisir un moment o\u00f9 l\u2019animal est de bonne humeur pour commencer l&rsquo;entra\u00eenement<\/li>\n<\/ul>\n\n\n\n<hr class=\"wp-block-separator has-alpha-channel-opacity is-style-wide\"\/>\n\n\n\n<p>Choisir une bo\u00eete qui s&rsquo;ouvre en deux, afin de pouvoir retirer le dessus, ce qui facilitera l&rsquo;entr\u00e9e d\u2019un animal m\u00e9fiant (surtout les lapins et cobayes qui sont des proies) et dont la grille peut se retirer compl\u00e8tement. La bo\u00eete doit \u00eatre lavable (\u00e9viter le tissu), propre et solide.&nbsp;<\/p>\n\n\n\n<p>Y placer un tissu avec une odeur famili\u00e8re \u00e0 l\u2019int\u00e9rieur, afin que l\u2019animal ne soit pas perturb\u00e9 par des odeurs inconnues.<\/p>\n\n\n\n<figure class=\"wp-block-gallery has-nested-images columns-default is-cropped wp-block-gallery-1 is-layout-flex wp-block-gallery-is-layout-flex\">\n<figure class=\"wp-block-image size-large\"><img loading=\"lazy\" decoding=\"async\" width=\"576\" height=\"1024\" data-id=\"700\" src=\"http:\/\/cliniqueanimalzen.fr\/wp-content\/uploads\/2023\/04\/20210110_112907-576x1024.jpg\" alt=\"\" class=\"wp-image-700\" srcset=\"https:\/\/cliniqueanimalzen.fr\/wp-content\/uploads\/2023\/04\/20210110_112907-576x1024.jpg 576w, https:\/\/cliniqueanimalzen.fr\/wp-content\/uploads\/2023\/04\/20210110_112907-169x300.jpg 169w, https:\/\/cliniqueanimalzen.fr\/wp-content\/uploads\/2023\/04\/20210110_112907.jpg 681w\" sizes=\"auto, (max-width: 576px) 100vw, 576px\" \/><\/figure>\n\n\n\n<figure class=\"wp-block-image size-large\"><img loading=\"lazy\" decoding=\"async\" width=\"576\" height=\"1024\" data-id=\"699\" src=\"http:\/\/cliniqueanimalzen.fr\/wp-content\/uploads\/2023\/04\/20210110_113012-576x1024.jpg\" alt=\"\" class=\"wp-image-699\" srcset=\"https:\/\/cliniqueanimalzen.fr\/wp-content\/uploads\/2023\/04\/20210110_113012-576x1024.jpg 576w, https:\/\/cliniqueanimalzen.fr\/wp-content\/uploads\/2023\/04\/20210110_113012-169x300.jpg 169w, https:\/\/cliniqueanimalzen.fr\/wp-content\/uploads\/2023\/04\/20210110_113012.jpg 681w\" sizes=\"auto, (max-width: 576px) 100vw, 576px\" \/><\/figure>\n<\/figure>\n\n\n\n<p>Retirer le dessus de la boite et la porte de la cage, puis la poser \u00e0 un endroit o\u00f9 l\u2019animal va facilement..<\/p>\n\n\n\n<p>Le guider dans la bo\u00efte \u00e0 l\u2019aide de friandises, granul\u00e9s, jouets. Une fois que l\u2019animal accepte de rentrer dans la bo\u00eete, recommencer l&rsquo;exercice quelques fois, plusieurs jours de suite.<\/p>\n\n\n\n<p>On laisse ensuite la bo\u00eete dans un endroit calme et appr\u00e9ci\u00e9 par l\u2019animal, afin qu\u2019elle reste \u00e0 sa disposition.<\/p>\n\n\n\n<figure class=\"wp-block-image size-large\"><img loading=\"lazy\" decoding=\"async\" width=\"1024\" height=\"576\" src=\"http:\/\/cliniqueanimalzen.fr\/wp-content\/uploads\/2023\/04\/20210110_113446-1024x576.jpg\" alt=\"\" class=\"wp-image-697\" srcset=\"https:\/\/cliniqueanimalzen.fr\/wp-content\/uploads\/2023\/04\/20210110_113446-1024x576.jpg 1024w, https:\/\/cliniqueanimalzen.fr\/wp-content\/uploads\/2023\/04\/20210110_113446-300x169.jpg 300w, https:\/\/cliniqueanimalzen.fr\/wp-content\/uploads\/2023\/04\/20210110_113446-768x432.jpg 768w, https:\/\/cliniqueanimalzen.fr\/wp-content\/uploads\/2023\/04\/20210110_113446-1536x864.jpg 1536w, https:\/\/cliniqueanimalzen.fr\/wp-content\/uploads\/2023\/04\/20210110_113446-2048x1152.jpg 2048w, https:\/\/cliniqueanimalzen.fr\/wp-content\/uploads\/2023\/04\/20210110_113446-1568x882.jpg 1568w\" sizes=\"auto, (max-width: 1024px) 100vw, 1024px\" \/><\/figure>\n\n\n\n<p>Quand cette premi\u00e8re \u00e9tape est devenue facile, remettre le dessus de la boite et recommencer \u00e0 z\u00e9ro. Si \u00e0 ce stade, vous remettez \u00e9galement la porte, assurez-vous qu&rsquo;elle soit attach\u00e9e en position ouverte, afin qu&rsquo;elle ne se rabatte pas sur les fesses de l&rsquo;animal quand il entre, ce qui lui ferait une grosse frayeur.<\/p>\n\n\n\n<p>Ensuite vous pourrez fermer la porte quelques secondes, puis quelques minutes, par exemple lorsqu\u2019il est entrain de manger des friandises, ou son repas.<\/p>\n\n\n\n<div class=\"wp-block-media-text is-stacked-on-mobile is-vertically-aligned-center\" style=\"grid-template-columns:35% auto\"><figure class=\"wp-block-media-text__media\"><img loading=\"lazy\" decoding=\"async\" width=\"576\" height=\"1024\" src=\"http:\/\/cliniqueanimalzen.fr\/wp-content\/uploads\/2023\/04\/20210110_113027-576x1024.jpg\" alt=\"\" class=\"wp-image-698 size-full\" srcset=\"https:\/\/cliniqueanimalzen.fr\/wp-content\/uploads\/2023\/04\/20210110_113027-576x1024.jpg 576w, https:\/\/cliniqueanimalzen.fr\/wp-content\/uploads\/2023\/04\/20210110_113027-169x300.jpg 169w, https:\/\/cliniqueanimalzen.fr\/wp-content\/uploads\/2023\/04\/20210110_113027.jpg 681w\" sizes=\"auto, (max-width: 576px) 100vw, 576px\" \/><\/figure><div class=\"wp-block-media-text__content\">\n<p class=\"has-text-align-left\">Nous conseillons de laisser la bo\u00eete de transport ouverte (sans la porte, ou porte ouverte bloqu\u00e9e) en permanence dans l&rsquo;environnement de l\u2019animal, et d&rsquo;y placer r\u00e9guli\u00e8rement des friandises, voire carr\u00e9ment sa nourriture journali\u00e8re. Plus votre animal voit sa bo\u00eete de transport comme quelque chose de positif pour lui, et moins il sera stress\u00e9 d&rsquo;y aller (et moins vous serez stress\u00e9 de devoir l\u2019y mettre!).<\/p>\n<\/div><\/div>\n\n\n\n<hr class=\"wp-block-separator has-alpha-channel-opacity is-style-wide\"\/>\n\n\n\n<h2 class=\"wp-block-heading has-text-align-center\">En r\u00e9sum\u00e9<\/h2>\n\n\n\n<div data-wp-interactive=\"core\/file\" class=\"wp-block-file\"><object data-wp-bind--hidden=\"!state.hasPdfPreview\" hidden class=\"wp-block-file__embed\" data=\"http:\/\/cliniqueanimalzen.fr\/wp-content\/uploads\/2023\/04\/Lapin-furet-cobaye-boite-1.pdf\" type=\"application\/pdf\" style=\"width:100%;height:600px\" aria-label=\"Contenu embarqu\u00e9 Lapin, furet, cobaye boite (1).\"><\/object><a id=\"wp-block-file--media-1cf32dff-f493-4b01-afac-73b1cd773928\" href=\"http:\/\/cliniqueanimalzen.fr\/wp-content\/uploads\/2023\/04\/Lapin-furet-cobaye-boite-1.pdf\">Lapin, furet, cobaye boite (1)<\/a><a href=\"http:\/\/cliniqueanimalzen.fr\/wp-content\/uploads\/2023\/04\/Lapin-furet-cobaye-boite-1.pdf\" class=\"wp-block-file__button wp-element-button\" download aria-describedby=\"wp-block-file--media-1cf32dff-f493-4b01-afac-73b1cd773928\">T\u00e9l\u00e9charger<\/a><\/div>\n","protected":false},"excerpt":{"rendered":"<p>Les NACs Amener son NAC en consultation : Contrairement au chien qui sort souvent de son p\u00e9rim\u00e8tre d&rsquo;habitation avec ses ma\u00eetres pour les balades, le lapin, le cobaye ou le furet n&rsquo;ont pas l&rsquo;habitude d&rsquo;\u00eatre sortis hors de leur domaine. Le risque de stress est donc d&#8217;embl\u00e9e beaucoup plus \u00e9lev\u00e9 chez ces esp\u00e8ces, surtout pour<a class=\"more-link\" href=\"https:\/\/cliniqueanimalzen.fr\/index.php\/nac\/\">Lire la suite <span class=\"screen-reader-text\">\u00ab\u00a0NAC\u00a0\u00bb<\/span><\/a><\/p>\n","protected":false},"author":1,"featured_media":0,"parent":0,"menu_order":0,"comment_status":"closed","ping_status":"closed","template":"","meta":{"footnotes":""},"class_list":["post-632","page","type-page","status-publish","hentry","entry"],"_links":{"self":[{"href":"https:\/\/cliniqueanimalzen.fr\/index.php\/wp-json\/wp\/v2\/pages\/632","targetHints":{"allow":["GET"]}}],"collection":[{"href":"https:\/\/cliniqueanimalzen.fr\/index.php\/wp-json\/wp\/v2\/pages"}],"about":[{"href":"https:\/\/cliniqueanimalzen.fr\/index.php\/wp-json\/wp\/v2\/types\/page"}],"author":[{"embeddable":true,"href":"https:\/\/cliniqueanimalzen.fr\/index.php\/wp-json\/wp\/v2\/users\/1"}],"replies":[{"embeddable":true,"href":"https:\/\/cliniqueanimalzen.fr\/index.php\/wp-json\/wp\/v2\/comments?post=632"}],"version-history":[{"count":4,"href":"https:\/\/cliniqueanimalzen.fr\/index.php\/wp-json\/wp\/v2\/pages\/632\/revisions"}],"predecessor-version":[{"id":703,"href":"https:\/\/cliniqueanimalzen.fr\/index.php\/wp-json\/wp\/v2\/pages\/632\/revisions\/703"}],"wp:attachment":[{"href":"https:\/\/cliniqueanimalzen.fr\/index.php\/wp-json\/wp\/v2\/media?parent=632"}],"curies":[{"name":"wp","href":"https:\/\/api.w.org\/{rel}","templated":true}]}}