{"id":631,"date":"2023-04-04T13:11:33","date_gmt":"2023-04-04T11:11:33","guid":{"rendered":"http:\/\/cliniqueanimalzen.fr\/?page_id=631"},"modified":"2023-04-11T16:32:03","modified_gmt":"2023-04-11T14:32:03","slug":"chien","status":"publish","type":"page","link":"https:\/\/cliniqueanimalzen.fr\/index.php\/chien\/","title":{"rendered":"Chien"},"content":{"rendered":"\n<h2 class=\"wp-block-heading has-text-align-center\">Les chiens<\/h2>\n\n\n\n<h4 class=\"wp-block-heading\">Venir \u00e0 la clinique avec son chien :<\/h4>\n\n\n\n<p>D\u00e8s son adoption et <span style=\"text-decoration: underline;\">quel que soit son \u00e2ge<\/span>, vous pouvez venir \u00e0 tout moment pendant les horaires d&rsquo;ouverture de la clinique pour lui faire faire des petits jeux ou exercices en salle d&rsquo;attente, le faire monter sur la balance, et explorer les odeurs, afin de <strong><span style=\"color:#00a1d2\">l&rsquo;habituer \u00e0 venir<\/span><\/strong> sans qu&rsquo;il n\u2019y ait forc\u00e9ment une piq\u00fbre ou des soins.&nbsp;<\/p>\n\n\n\n<p><em>Si nous avons du temps<\/em> au moment de votre passage, nous nous ferons un plaisir de <strong><span style=\"color:#00a1d2\">venir jouer avec votre chien<\/span><\/strong>, ou encore lui <strong><span style=\"color:#00a1d2\">proposer des friandises<\/span><\/strong>, ce qui l&rsquo;aidera \u00e0 avoir moins peur du personnel v\u00e9t\u00e9rinaire. Avec nos blouses, les odeurs d&rsquo;autres animaux ou de d\u00e9sinfectants, il est <em>plus difficile<\/em> pour les chiens de nous assimiler \u00e0 <em>des humains sympas<\/em>, <span style=\"text-decoration: underline;\">surtout s&rsquo;ils ont eu des mauvais souvenirs<\/span>.<\/p>\n\n\n\n<figure class=\"wp-block-image size-large is-resized is-style-rounded\"><img loading=\"lazy\" decoding=\"async\" src=\"http:\/\/cliniqueanimalzen.fr\/wp-content\/uploads\/2023\/04\/20220710_134424-1024x768.jpg\" alt=\"\" class=\"wp-image-772\" width=\"780\" height=\"585\" srcset=\"https:\/\/cliniqueanimalzen.fr\/wp-content\/uploads\/2023\/04\/20220710_134424-1024x768.jpg 1024w, https:\/\/cliniqueanimalzen.fr\/wp-content\/uploads\/2023\/04\/20220710_134424-300x225.jpg 300w, https:\/\/cliniqueanimalzen.fr\/wp-content\/uploads\/2023\/04\/20220710_134424-768x576.jpg 768w, https:\/\/cliniqueanimalzen.fr\/wp-content\/uploads\/2023\/04\/20220710_134424-1536x1152.jpg 1536w, https:\/\/cliniqueanimalzen.fr\/wp-content\/uploads\/2023\/04\/20220710_134424-2048x1536.jpg 2048w, https:\/\/cliniqueanimalzen.fr\/wp-content\/uploads\/2023\/04\/20220710_134424-1568x1176.jpg 1568w\" sizes=\"auto, (max-width: 780px) 100vw, 780px\" \/><\/figure>\n\n\n\n<p>Stress\u00e9 ou non, nous vous conseillons de <strong><span style=\"color:#00a1d2\">vous munir de ses friandises ou jouets pr\u00e9f\u00e9r\u00e9s<\/span><\/strong> (selon ce qui motive le plus votre chien), ainsi que de son plaid ou son coussin, afin de lui permettre de s&rsquo;installer confortablement en attendant, mais \u00e9galement de retrouver une odeur famili\u00e8re sur la table de consultation lors de l&rsquo;examen m\u00e9dical.&nbsp;<\/p>\n\n\n\n<p>La clinique est <span style=\"text-decoration: underline;\">entour\u00e9e de pr\u00e9s et de chemins accessibles se promener<\/span>. <strong><span style=\"color:#00a1d2\">Une balade avant de venir<\/span><\/strong> nous voir peut \u00eatre un atout, en permettant au chien de <em>se d\u00e9fouler<\/em> avant sa consultation, mais \u00e9galement de <em>sentir les odeurs<\/em> d\u2019un environnement non connu ce qui procure une <strong><span style=\"color:#00a1d2\">bonne stimulation mentale<\/span><\/strong>.<\/p>\n\n\n\n<p>Nous vous conseillons \u00e9galement d\u2019entra\u00eener votre chien \u00e0 <strong><span style=\"color:#00a1d2\">aller joyeusement dans la voiture<\/span><\/strong>, m\u00eame si vous n\u2019en avez pas besoin quotidiennement pour ses balades, car <em>plus il conna\u00eet et aime aller en voiture, moins \u00e7a sera le stress<\/em> de le faire monter dedans pour venir \u00e0 la clinique. Si vous <em>rencontrez des difficult\u00e9s<\/em> pour le faire <span style=\"text-decoration: underline;\">monter en voiture<\/span>, ou si votre chien <span style=\"text-decoration: underline;\">stresse beaucoup<\/span> pendant les d\u00e9placements, n\u2019h\u00e9sitez pas \u00e0 nous <em>contacter afin que nous puissions vous aider \u00e0 r\u00e9soudre ce probl\u00e8me<\/em>.<\/p>\n","protected":false},"excerpt":{"rendered":"<p>Les chiens Venir \u00e0 la clinique avec son chien : D\u00e8s son adoption et quel que soit son \u00e2ge, vous pouvez venir \u00e0 tout moment pendant les horaires d&rsquo;ouverture de la clinique pour lui faire faire des petits jeux ou exercices en salle d&rsquo;attente, le faire monter sur la balance, et explorer les odeurs, afin<a class=\"more-link\" href=\"https:\/\/cliniqueanimalzen.fr\/index.php\/chien\/\">Lire la suite <span class=\"screen-reader-text\">\u00ab\u00a0Chien\u00a0\u00bb<\/span><\/a><\/p>\n","protected":false},"author":1,"featured_media":0,"parent":0,"menu_order":0,"comment_status":"closed","ping_status":"closed","template":"","meta":{"footnotes":""},"class_list":["post-631","page","type-page","status-publish","hentry","entry"],"_links":{"self":[{"href":"https:\/\/cliniqueanimalzen.fr\/index.php\/wp-json\/wp\/v2\/pages\/631","targetHints":{"allow":["GET"]}}],"collection":[{"href":"https:\/\/cliniqueanimalzen.fr\/index.php\/wp-json\/wp\/v2\/pages"}],"about":[{"href":"https:\/\/cliniqueanimalzen.fr\/index.php\/wp-json\/wp\/v2\/types\/page"}],"author":[{"embeddable":true,"href":"https:\/\/cliniqueanimalzen.fr\/index.php\/wp-json\/wp\/v2\/users\/1"}],"replies":[{"embeddable":true,"href":"https:\/\/cliniqueanimalzen.fr\/index.php\/wp-json\/wp\/v2\/comments?post=631"}],"version-history":[{"count":3,"href":"https:\/\/cliniqueanimalzen.fr\/index.php\/wp-json\/wp\/v2\/pages\/631\/revisions"}],"predecessor-version":[{"id":774,"href":"https:\/\/cliniqueanimalzen.fr\/index.php\/wp-json\/wp\/v2\/pages\/631\/revisions\/774"}],"wp:attachment":[{"href":"https:\/\/cliniqueanimalzen.fr\/index.php\/wp-json\/wp\/v2\/media?parent=631"}],"curies":[{"name":"wp","href":"https:\/\/api.w.org\/{rel}","templated":true}]}}