{"id":630,"date":"2023-04-04T13:11:33","date_gmt":"2023-04-04T11:11:33","guid":{"rendered":"http:\/\/cliniqueanimalzen.fr\/?page_id=630"},"modified":"2023-04-04T14:57:25","modified_gmt":"2023-04-04T12:57:25","slug":"chat","status":"publish","type":"page","link":"https:\/\/cliniqueanimalzen.fr\/index.php\/chat\/","title":{"rendered":"Chat"},"content":{"rendered":"\n<h1 class=\"wp-block-heading has-text-align-center\">Les chats<\/h1>\n\n\n\n<h4 class=\"wp-block-heading\">Amener son chat en consultation<\/h4>\n\n\n\n<p>Contrairement au chien qui sort souvent de son p\u00e9rim\u00e8tre d&rsquo;habitation avec ses ma\u00eetres pour les balades, le chat n&rsquo;a pas l&rsquo;habitude d&rsquo;\u00eatre sorti hors de son domaine. Le risque de stress est donc d&#8217;embl\u00e9e beaucoup plus \u00e9lev\u00e9.<\/p>\n\n\n\n<p>Il est primordial de l&rsquo;habituer \u00e0 aller sans stress dans sa boite de transport et dans la voiture, afin que le trajet et l&rsquo;attente \u00e0 la clinique se passent le mieux possible.<\/p>\n\n\n\n<h4 class=\"wp-block-heading\">Comment habituer votre chat \u00e0 entrer dans sa boite de transport :<\/h4>\n\n\n\n<p>Les outils importants :<\/p>\n\n\n\n<ul class=\"wp-block-list\">\n<li>Une boite adapt\u00e9e<\/li>\n\n\n\n<li>Des friandises qui sont motivantes pour le chat<\/li>\n\n\n\n<li>Ses jouets p\u00e9f\u00e9r\u00e9s<\/li>\n\n\n\n<li>Choisir un moment o\u00f9 le chat est de bonne humeur pour commencer l&rsquo;entrainement<\/li>\n<\/ul>\n\n\n\n<hr class=\"wp-block-separator aligncenter has-alpha-channel-opacity is-style-wide\"\/>\n\n\n\n<p>La boite adapt\u00e9e:&nbsp;<\/p>\n\n\n\n<p>Choisir une bo\u00eete qui s&rsquo;ouvre en deux, afin de pouvoir retirer le dessus, ce qui facilitera l&rsquo;entr\u00e9e du chat m\u00e9fiant et dont la grille peut se retirer compl\u00e8tement. La bo\u00eete doit \u00eatre lavable (\u00e9viter le tissu), propre et solide.&nbsp;<\/p>\n\n\n\n<p>Y placer un coussin ou plaid confortable \u00e0 l\u2019int\u00e9rieur, si possible d\u00e9j\u00e0 connu et appr\u00e9ci\u00e9 par l\u2019animal. (Comme vous l&rsquo;avez probablement remarqu\u00e9, le chat aime le confort et la chaleur)<\/p>\n\n\n\n<figure class=\"wp-block-gallery has-nested-images columns-default is-cropped wp-block-gallery-1 is-layout-flex wp-block-gallery-is-layout-flex\">\n<figure class=\"wp-block-image size-large\"><img loading=\"lazy\" decoding=\"async\" width=\"1024\" height=\"576\" data-id=\"683\" src=\"http:\/\/cliniqueanimalzen.fr\/wp-content\/uploads\/2023\/04\/P3080013-1024x576.jpg\" alt=\"\" class=\"wp-image-683\" srcset=\"https:\/\/cliniqueanimalzen.fr\/wp-content\/uploads\/2023\/04\/P3080013-1024x576.jpg 1024w, https:\/\/cliniqueanimalzen.fr\/wp-content\/uploads\/2023\/04\/P3080013-300x169.jpg 300w, https:\/\/cliniqueanimalzen.fr\/wp-content\/uploads\/2023\/04\/P3080013-768x432.jpg 768w, https:\/\/cliniqueanimalzen.fr\/wp-content\/uploads\/2023\/04\/P3080013.jpg 1152w\" sizes=\"auto, (max-width: 1024px) 100vw, 1024px\" \/><\/figure>\n\n\n\n<figure class=\"wp-block-image size-large\"><img loading=\"lazy\" decoding=\"async\" width=\"1024\" height=\"576\" data-id=\"682\" src=\"http:\/\/cliniqueanimalzen.fr\/wp-content\/uploads\/2023\/04\/P3080026-1024x576.jpg\" alt=\"\" class=\"wp-image-682\" srcset=\"https:\/\/cliniqueanimalzen.fr\/wp-content\/uploads\/2023\/04\/P3080026-1024x576.jpg 1024w, https:\/\/cliniqueanimalzen.fr\/wp-content\/uploads\/2023\/04\/P3080026-300x169.jpg 300w, https:\/\/cliniqueanimalzen.fr\/wp-content\/uploads\/2023\/04\/P3080026-768x432.jpg 768w, https:\/\/cliniqueanimalzen.fr\/wp-content\/uploads\/2023\/04\/P3080026.jpg 1152w\" sizes=\"auto, (max-width: 1024px) 100vw, 1024px\" \/><\/figure>\n<\/figure>\n\n\n\n<p>Se munir de ses friandises\/jouets pr\u00e9f\u00e9r\u00e9s, ou encore d&rsquo;herbe \u00e0 chat (catnip), et faire un petit trajet de friandises qui m\u00e8ne jusqu&rsquo;\u00e0 l&rsquo;int\u00e9rieur de la boite, attirer le chat vers la boite par le jeu, ou encore mettre de l&rsquo;herbe \u00e0 chat dans la bo\u00eete. Une fois que le chat accepte de rentrer dans la bo\u00eete, recommencer l&rsquo;exercice quelques fois, plusieurs jours de suite.<\/p>\n\n\n\n<p>On place ensuite la bo\u00eete dans un endroit calme et appr\u00e9ci\u00e9 du chat, afin qu\u2019elle reste \u00e0 sa disposition.<\/p>\n\n\n\n<figure class=\"wp-block-gallery has-nested-images columns-default is-cropped wp-block-gallery-2 is-layout-flex wp-block-gallery-is-layout-flex\">\n<figure class=\"wp-block-image size-large\"><img loading=\"lazy\" decoding=\"async\" width=\"1024\" height=\"576\" data-id=\"686\" src=\"http:\/\/cliniqueanimalzen.fr\/wp-content\/uploads\/2023\/04\/P3080031-1024x576.jpg\" alt=\"\" class=\"wp-image-686\" srcset=\"https:\/\/cliniqueanimalzen.fr\/wp-content\/uploads\/2023\/04\/P3080031-1024x576.jpg 1024w, https:\/\/cliniqueanimalzen.fr\/wp-content\/uploads\/2023\/04\/P3080031-300x169.jpg 300w, https:\/\/cliniqueanimalzen.fr\/wp-content\/uploads\/2023\/04\/P3080031-768x432.jpg 768w, https:\/\/cliniqueanimalzen.fr\/wp-content\/uploads\/2023\/04\/P3080031.jpg 1152w\" sizes=\"auto, (max-width: 1024px) 100vw, 1024px\" \/><figcaption class=\"wp-element-caption\">Laisser le chat explorer \u00e0 son rythme<\/figcaption><\/figure>\n\n\n\n<figure class=\"wp-block-image size-large\"><img loading=\"lazy\" decoding=\"async\" width=\"1024\" height=\"576\" data-id=\"684\" src=\"http:\/\/cliniqueanimalzen.fr\/wp-content\/uploads\/2023\/04\/P3080041-1024x576.jpg\" alt=\"\" class=\"wp-image-684\" srcset=\"https:\/\/cliniqueanimalzen.fr\/wp-content\/uploads\/2023\/04\/P3080041-1024x576.jpg 1024w, https:\/\/cliniqueanimalzen.fr\/wp-content\/uploads\/2023\/04\/P3080041-300x169.jpg 300w, https:\/\/cliniqueanimalzen.fr\/wp-content\/uploads\/2023\/04\/P3080041-768x432.jpg 768w, https:\/\/cliniqueanimalzen.fr\/wp-content\/uploads\/2023\/04\/P3080041.jpg 1383w\" sizes=\"auto, (max-width: 1024px) 100vw, 1024px\" \/><figcaption class=\"wp-element-caption\">Ce chat n&rsquo;est pas attir\u00e9 par les friandises<\/figcaption><\/figure>\n\n\n\n<figure class=\"wp-block-image size-large\"><img loading=\"lazy\" decoding=\"async\" width=\"1024\" height=\"576\" data-id=\"685\" src=\"http:\/\/cliniqueanimalzen.fr\/wp-content\/uploads\/2023\/04\/P3080045-1024x576.jpg\" alt=\"\" class=\"wp-image-685\" srcset=\"https:\/\/cliniqueanimalzen.fr\/wp-content\/uploads\/2023\/04\/P3080045-1024x576.jpg 1024w, https:\/\/cliniqueanimalzen.fr\/wp-content\/uploads\/2023\/04\/P3080045-300x169.jpg 300w, https:\/\/cliniqueanimalzen.fr\/wp-content\/uploads\/2023\/04\/P3080045-768x432.jpg 768w, https:\/\/cliniqueanimalzen.fr\/wp-content\/uploads\/2023\/04\/P3080045.jpg 1383w\" sizes=\"auto, (max-width: 1024px) 100vw, 1024px\" \/><figcaption class=\"wp-element-caption\">Mais l&rsquo;herbe a chat fait le travail<\/figcaption><\/figure>\n\n\n\n<figure class=\"wp-block-image size-large\"><img loading=\"lazy\" decoding=\"async\" width=\"576\" height=\"1024\" data-id=\"687\" src=\"http:\/\/cliniqueanimalzen.fr\/wp-content\/uploads\/2023\/04\/P3080062-576x1024.jpg\" alt=\"\" class=\"wp-image-687\" srcset=\"https:\/\/cliniqueanimalzen.fr\/wp-content\/uploads\/2023\/04\/P3080062-576x1024.jpg 576w, https:\/\/cliniqueanimalzen.fr\/wp-content\/uploads\/2023\/04\/P3080062-169x300.jpg 169w, https:\/\/cliniqueanimalzen.fr\/wp-content\/uploads\/2023\/04\/P3080062-768x1365.jpg 768w, https:\/\/cliniqueanimalzen.fr\/wp-content\/uploads\/2023\/04\/P3080062.jpg 778w\" sizes=\"auto, (max-width: 576px) 100vw, 576px\" \/><figcaption class=\"wp-element-caption\"><em>Laisser la boite ouverte dans son environnement et refaire l&rsquo;exercice plusieurs fois<\/em><\/figcaption><\/figure>\n<\/figure>\n\n\n\n<p>Une fois le chat \u00e0 l&rsquo;aise avec cette premi\u00e8re \u00e9tape, remettre de le dessus de la boite et recommencer \u00e0 z\u00e9ro. Si \u00e0 ce stade, vous remettez \u00e9galement la porte, assurez-vous qu&rsquo;elle soit attach\u00e9e en position ouverte, afin qu&rsquo;elle ne se rabatte pas sur les fesses du chat quand il entre, ce qui lui ferait une grosse frayeur.<\/p>\n\n\n\n<p>Ensuite vous pourrez fermer la porte quelques secondes, puis quelques minutes, par exemple lorsque le chat est entrain de manger des friandises, de la p\u00e2t\u00e9e ou des croquettes.<\/p>\n\n\n\n<p>Nous conseillons de laisser la bo\u00eete de transport ouverte (sans la porte, ou porte ouverte bloqu\u00e9e) en permanence dans l&rsquo;environnement du chat, et d&rsquo;y placer r\u00e9guli\u00e8rement des friandises, voire carr\u00e9ment sa nourriture journali\u00e8re. Plus votre animal voit sa bo\u00eete de transport comme quelque chose de positif pour lui, et moins il sera stress\u00e9 d&rsquo;y aller (et moins vous serez stress\u00e9 de devoir l\u2019y mettre!).<\/p>\n\n\n\n<hr class=\"wp-block-separator has-alpha-channel-opacity is-style-wide\"\/>\n\n\n\n<h2 class=\"wp-block-heading has-text-align-center\">En r\u00e9sum\u00e9<\/h2>\n\n\n\n<div data-wp-interactive=\"core\/file\" class=\"wp-block-file\"><object data-wp-bind--hidden=\"!state.hasPdfPreview\" hidden class=\"wp-block-file__embed\" data=\"http:\/\/cliniqueanimalzen.fr\/wp-content\/uploads\/2023\/04\/Minou-dans-boite-1.pdf\" type=\"application\/pdf\" style=\"width:100%;height:600px\" aria-label=\"Contenu embarqu\u00e9 Minou dans boite (1).\"><\/object><a id=\"wp-block-file--media-4a2290fe-7c9c-4be4-bd59-251624b48179\" href=\"http:\/\/cliniqueanimalzen.fr\/wp-content\/uploads\/2023\/04\/Minou-dans-boite-1.pdf\">Minou dans boite (1)<\/a><a href=\"http:\/\/cliniqueanimalzen.fr\/wp-content\/uploads\/2023\/04\/Minou-dans-boite-1.pdf\" class=\"wp-block-file__button wp-element-button\" download aria-describedby=\"wp-block-file--media-4a2290fe-7c9c-4be4-bd59-251624b48179\">T\u00e9l\u00e9charger<\/a><\/div>\n","protected":false},"excerpt":{"rendered":"<p>Les chats Amener son chat en consultation Contrairement au chien qui sort souvent de son p\u00e9rim\u00e8tre d&rsquo;habitation avec ses ma\u00eetres pour les balades, le chat n&rsquo;a pas l&rsquo;habitude d&rsquo;\u00eatre sorti hors de son domaine. Le risque de stress est donc d&#8217;embl\u00e9e beaucoup plus \u00e9lev\u00e9. Il est primordial de l&rsquo;habituer \u00e0 aller sans stress dans sa<a class=\"more-link\" href=\"https:\/\/cliniqueanimalzen.fr\/index.php\/chat\/\">Lire la suite <span class=\"screen-reader-text\">\u00ab\u00a0Chat\u00a0\u00bb<\/span><\/a><\/p>\n","protected":false},"author":1,"featured_media":0,"parent":0,"menu_order":0,"comment_status":"closed","ping_status":"closed","template":"","meta":{"footnotes":""},"class_list":["post-630","page","type-page","status-publish","hentry","entry"],"_links":{"self":[{"href":"https:\/\/cliniqueanimalzen.fr\/index.php\/wp-json\/wp\/v2\/pages\/630","targetHints":{"allow":["GET"]}}],"collection":[{"href":"https:\/\/cliniqueanimalzen.fr\/index.php\/wp-json\/wp\/v2\/pages"}],"about":[{"href":"https:\/\/cliniqueanimalzen.fr\/index.php\/wp-json\/wp\/v2\/types\/page"}],"author":[{"embeddable":true,"href":"https:\/\/cliniqueanimalzen.fr\/index.php\/wp-json\/wp\/v2\/users\/1"}],"replies":[{"embeddable":true,"href":"https:\/\/cliniqueanimalzen.fr\/index.php\/wp-json\/wp\/v2\/comments?post=630"}],"version-history":[{"count":3,"href":"https:\/\/cliniqueanimalzen.fr\/index.php\/wp-json\/wp\/v2\/pages\/630\/revisions"}],"predecessor-version":[{"id":692,"href":"https:\/\/cliniqueanimalzen.fr\/index.php\/wp-json\/wp\/v2\/pages\/630\/revisions\/692"}],"wp:attachment":[{"href":"https:\/\/cliniqueanimalzen.fr\/index.php\/wp-json\/wp\/v2\/media?parent=630"}],"curies":[{"name":"wp","href":"https:\/\/api.w.org\/{rel}","templated":true}]}}