{"id":627,"date":"2023-04-04T13:11:33","date_gmt":"2023-04-04T11:11:33","guid":{"rendered":"http:\/\/cliniqueanimalzen.fr\/?page_id=627"},"modified":"2026-03-20T15:28:35","modified_gmt":"2026-03-20T14:28:35","slug":"medecine-chirurgie","status":"publish","type":"page","link":"https:\/\/cliniqueanimalzen.fr\/index.php\/medecine-chirurgie\/","title":{"rendered":"M\u00e9decine &amp; chirurgie"},"content":{"rendered":"\n<p>Chez nous, toute l&rsquo;\u00e9quipe travaille en soins <strong><mark style=\"background-color:rgba(0, 0, 0, 0);color:#00a1d2\" class=\"has-inline-color\">low stress<\/mark><\/strong>, et nous consid\u00e9rons la sant\u00e9 mentale de nos patients au m\u00eame titre que leur sant\u00e9 physique. <\/p>\n\n\n\n<p>Voici les diff\u00e9rents soins m\u00e9dicaux propos\u00e9s \u00e0 la clinique:<\/p>\n\n\n\n<p><\/p>\n\n\n\n<p><strong>Consultations :<\/strong><\/p>\n\n\n\n<ul class=\"wp-block-list\">\n<li><strong>Check-up<\/strong> de sant\u00e9 annuel ou bisannuel<\/li>\n\n\n\n<li><strong>Vaccination<\/strong> de vos animaux<\/li>\n\n\n\n<li><strong>Consultations m\u00e9dicales<\/strong> pour les divers probl\u00e8mes de sant\u00e9 de vos animaux, avec un point d&rsquo;attention particulier sur la <strong>gestion de la douleur<\/strong><\/li>\n\n\n\n<li>Consultations en <strong>phytoth\u00e9rapie<\/strong> avec Dre Muller<\/li>\n\n\n\n<li>Depuis janvier 2025: des consultations r\u00e9f\u00e9r\u00e9es en <strong>nutrition<\/strong> avec Dre Peyrache, v\u00e9t\u00e9rinaire nutritionniste exclusivement (<a href=\"https:\/\/drevetpeyrache.fr\/\">Cliquez ici pour aller sur son site internet<\/a>)<\/li>\n<\/ul>\n\n\n\n<p><\/p>\n\n\n\n<p><strong>Chirurgies :<\/strong><\/p>\n\n\n\n<ul class=\"wp-block-list\">\n<li>Chirurgie g\u00e9n\u00e9rale : st\u00e9rilisations, chirurgies urinaires, digestives&#8230;<\/li>\n<\/ul>\n\n\n\n<p><strong>Dentisterie<\/strong> :<\/p>\n\n\n\n<ul class=\"wp-block-list\">\n<li>D\u00e9tartrage-polissage<\/li>\n\n\n\n<li>Limage (Lapins, cobayes)<\/li>\n\n\n\n<li>Extractions des dents et racines dentaires ab\u00eem\u00e9es <\/li>\n\n\n\n<li>Radiographies dentaires (\u00e9valuation pr\u00e9cise de l&rsquo;\u00e9tat des racines dentaire et de la m\u00e2choire, visualisation des racines r\u00e9siduelles de dents cass\u00e9es, permet de cibler les extractions en fonction de la r\u00e9elle n\u00e9cessit\u00e9)<\/li>\n<\/ul>\n\n\n\n<p><strong>Imagerie &amp; analyses :<\/strong><\/p>\n\n\n\n<ul class=\"wp-block-list\">\n<li>Echographies abdominales (Dre Muller) et cardiaques (Dre Rieder)<\/li>\n\n\n\n<li>Radiographies<\/li>\n\n\n\n<li>Analyses sanguines, urinaires, dermatologiques (soit faites sur place, soit envoy\u00e9es en laboratoire v\u00e9t\u00e9rinaire)<\/li>\n<\/ul>\n\n\n\n<p><strong>Hospitalisations : <\/strong><\/p>\n\n\n\n<ul class=\"wp-block-list\">\n<li>L&rsquo;hospitalisation de votre animal pour ses soins lorsque son \u00e9tat le n\u00e9cessite<\/li>\n\n\n\n<li>Hospitalisation de jour pour les animaux dont l&rsquo;\u00e9tat de sant\u00e9 permet un retour \u00e0 la maison la nuit<\/li>\n<\/ul>\n\n\n\n<p><strong>Comportement :<\/strong><\/p>\n\n\n\n<ul class=\"wp-block-list\">\n<li>Consultations en m\u00e9decine du comportement avec Dre F\u00e9ry<\/li>\n\n\n\n<li>Medical training<\/li>\n\n\n\n<li>Accompagnement de votre travail en soins coop\u00e9ratifs<\/li>\n<\/ul>\n\n\n\n<p><\/p>\n\n\n\n<p class=\"has-text-align-center\"><strong>Vous pouvez prendre rendez-vous &gt;&gt; <a rel=\"noreferrer noopener\" href=\"https:\/\/www.planningveto.com\/rendez-vous-veto-cliniqueanimalzen-782939\" target=\"_blank\">ICI<\/a> &lt;&lt;<\/strong><\/p>\n\n\n\n<p><\/p>\n","protected":false},"excerpt":{"rendered":"<p>Chez nous, toute l&rsquo;\u00e9quipe travaille en soins low stress, et nous consid\u00e9rons la sant\u00e9 mentale de nos patients au m\u00eame titre que leur sant\u00e9 physique. Voici les diff\u00e9rents soins m\u00e9dicaux propos\u00e9s \u00e0 la clinique: Consultations : Chirurgies : Dentisterie : Imagerie &amp; analyses : Hospitalisations : Comportement : Vous pouvez prendre rendez-vous &gt;&gt; ICI &lt;&lt;<\/p>\n","protected":false},"author":1,"featured_media":0,"parent":0,"menu_order":0,"comment_status":"closed","ping_status":"closed","template":"","meta":{"footnotes":""},"class_list":["post-627","page","type-page","status-publish","hentry","entry"],"_links":{"self":[{"href":"https:\/\/cliniqueanimalzen.fr\/index.php\/wp-json\/wp\/v2\/pages\/627","targetHints":{"allow":["GET"]}}],"collection":[{"href":"https:\/\/cliniqueanimalzen.fr\/index.php\/wp-json\/wp\/v2\/pages"}],"about":[{"href":"https:\/\/cliniqueanimalzen.fr\/index.php\/wp-json\/wp\/v2\/types\/page"}],"author":[{"embeddable":true,"href":"https:\/\/cliniqueanimalzen.fr\/index.php\/wp-json\/wp\/v2\/users\/1"}],"replies":[{"embeddable":true,"href":"https:\/\/cliniqueanimalzen.fr\/index.php\/wp-json\/wp\/v2\/comments?post=627"}],"version-history":[{"count":14,"href":"https:\/\/cliniqueanimalzen.fr\/index.php\/wp-json\/wp\/v2\/pages\/627\/revisions"}],"predecessor-version":[{"id":1033,"href":"https:\/\/cliniqueanimalzen.fr\/index.php\/wp-json\/wp\/v2\/pages\/627\/revisions\/1033"}],"wp:attachment":[{"href":"https:\/\/cliniqueanimalzen.fr\/index.php\/wp-json\/wp\/v2\/media?parent=627"}],"curies":[{"name":"wp","href":"https:\/\/api.w.org\/{rel}","templated":true}]}}