{"id":19,"date":"2022-04-14T13:10:17","date_gmt":"2022-04-14T11:10:17","guid":{"rendered":"http:\/\/cliniqueanimalzen.fr\/?page_id=19"},"modified":"2026-03-20T15:30:52","modified_gmt":"2026-03-20T14:30:52","slug":"accueil","status":"publish","type":"page","link":"https:\/\/cliniqueanimalzen.fr\/","title":{"rendered":"Accueil"},"content":{"rendered":"<div class=\"flexslider ewic-slider-lite is_on_\" id=\"ewic-con-29269dc0382873de\"><style>#ewic-con-29269dc0382873de { max-width: 1700px;}<\/style><style>#ewic-con-29269dc0382873de, #ewic-con-29269dc0382873de .ewic-wid-imgs { max-height: 900px;}<\/style><style>#ewic-con-29269dc0382873de .flex-direction-nav .flex-next, #ewic-con-29269dc0382873de .flex-direction-nav .flex-prev {opacity: 1;} #ewic-con-29269dc0382873de .flex-direction-nav .flex-next {right: 10px !important; text-align: right !important;} #ewic-con-29269dc0382873de .flex-direction-nav .flex-prev {left: 10px !important;}<\/style><div id=\"preloader-29269dc0382873de\" class=\"sliderpreloader\"><\/div><ul style=\"display:none;\" class=\"slides flexslider-29269dc0382873de\"><li class=\"ewic-slider\"><img decoding=\"async\"  class=\"ewic-wid-imgs\" src=\"https:\/\/cliniqueanimalzen.fr\/wp-content\/uploads\/2025\/03\/Design-sans-titre-1.png\" \/><p class=\"flex-caption\"><\/p><\/li><li class=\"ewic-slider\"><img decoding=\"async\"  class=\"ewic-wid-imgs\" src=\"https:\/\/cliniqueanimalzen.fr\/wp-content\/uploads\/2022\/04\/DSC3185-2.jpg\" \/><p class=\"flex-caption\"><\/p><\/li><li class=\"ewic-slider\"><img decoding=\"async\"  class=\"ewic-wid-imgs\" src=\"https:\/\/cliniqueanimalzen.fr\/wp-content\/uploads\/2022\/04\/20190406_142355.jpg\" \/><p class=\"flex-caption\"><\/p><\/li><li class=\"ewic-slider\"><img decoding=\"async\"  class=\"ewic-wid-imgs\" src=\"https:\/\/cliniqueanimalzen.fr\/wp-content\/uploads\/2022\/04\/20190602_113935.jpg\" \/><p class=\"flex-caption\"><\/p><\/li><li class=\"ewic-slider\"><img decoding=\"async\"  class=\"ewic-wid-imgs\" src=\"https:\/\/cliniqueanimalzen.fr\/wp-content\/uploads\/2022\/04\/montage.jpg\" \/><p class=\"flex-caption\"><\/p><\/li><\/ul><script type=\"text\/javascript\">\r\n\tjQuery(document).ready(function($) {\r\n\t\t\r\n\t\t$(\"#preloader-29269dc0382873de\").fadeOut(500, function () {\r\n\t\t\t\r\n\t\t\t$(\"#ewic-con-29269dc0382873de\").addClass(\"ready_to_show\");\r\n\t\t\t\r\n\t\t\t$(\"a[rel^='ewicprettyPhoto[29269dc0382873de]']\").ewcPhoto({\r\n\t\t\t\ttheme: \"ewc_default\",\r\n\t\t\t\tallow_expand: false,\r\n\t\t\t\tdeeplinking: false,\r\n\t\t\t\tslideshow:5000,\r\n\t\t\t\tautoplay_slideshow:true,\r\n\t\t\t\tsocial_tools:false\r\n\t\t\t});\r\n\t\t\t\r\n\t\t\t$(\".flexslider-29269dc0382873de\").fadeIn(300);\r\n\t\t\t\r\n\t\t\t$(\"#ewic-con-29269dc0382873de\").flexslider({\r\n\t\t\t\tanimation: \"slide\",\r\n\t\t\t\tanimationSpeed: 0,\r\n\t\t\t\tuseCSS: false,\r\n\t\t\t\teasing: \"easeInQuad\",\r\n\t\t\t\tdirection: \"horizontal\",\r\n\t\t\t\tslideshow: true,\r\n\t\t\t\tsmoothHeight: true,\r\n\t\t\t\tpauseOnHover: true, \r\n\t\t\t\tcontrolNav: false,\r\n\t\t\t\tprevText: \"\",\r\n\t\t\t\tnextText: \"\",\r\n\t\t\t\trtl: false,\r\n\t\t\t\tslideshowSpeed: 4000,\r\n\t\t\t\tstart: function(slider){\r\n\t\t\t\t\t$(\"#ewic-con-29269dc0382873de\").find(\".flex-caption\").hide();\r\n\t\t\t\t\tvar curSlide = slider.find(\"li.flex-active-slide\");\r\n\t\t\t\t\t$(curSlide).find(\".flex-caption\").slideDown();\r\n\t\t\t\t},\r\n\t\t\t\tbefore: function(slider) {\r\n\t\t\t\t\t$(\"#ewic-con-29269dc0382873de\").find(\".flex-caption\").slideUp();\r\n\t\t\t\t},\r\n\t\t\t\tafter: function(slider) {\r\n\t\t\t\t\tvar curSlide = slider.find(\"li.flex-active-slide\");\r\n\t\t\t\t\t$(curSlide).find(\".flex-caption\").slideDown();\r\n\t\t\t\t}\r\n\t\t\t\t\r\n\t\t\t});\r\n\t\t\t\r\n\t\t});\r\n\t\t\t\r\n\t});\r\n<\/script><\/div>\r\n\n\n\n<h1 class=\"wp-block-heading has-text-align-center has-text-color\" style=\"color:#60498f\">Nos Horaires<\/h1>\n\n\n\n<hr class=\"wp-block-separator has-text-color has-secondary-color has-css-opacity has-secondary-background-color has-background aligncenter is-style-wide\"\/>\n\n\n\n<p class=\"has-text-align-center\">Du <strong><span style=\"color:#00a1d2\"> Lundi<\/span><\/strong> au <strong><span style=\"color:#00a1d2\">Vendredi<\/span> <\/strong>: 09h00-13h00 et 14h30-18h30<\/p>\n\n\n\n<p class=\"has-text-align-center\"><strong><span style=\"color:#00a1d2\">Samedi<\/span> <\/strong>: 09h00-12h00<\/p>\n\n\n\n<p class=\"has-text-align-center\"><strong>Consultations uniquement sur Rendez-Vous.<\/strong><\/p>\n\n\n\n<div style=\"height:49px\" aria-hidden=\"true\" class=\"wp-block-spacer\"><\/div>\n\n\n\n<h1 class=\"wp-block-heading has-text-align-center has-text-color\" style=\"color:#60498f\">Prendre Rendez-Vous<\/h1>\n\n\n\n<hr class=\"wp-block-separator has-text-color has-secondary-color has-css-opacity has-secondary-background-color has-background aligncenter is-style-wide\"\/>\n\n\n\n<div class=\"wp-block-buttons is-content-justification-center is-layout-flex wp-container-core-buttons-is-layout-16018d1d wp-block-buttons-is-layout-flex\">\n<div class=\"wp-block-button\"><a class=\"wp-block-button__link has-background wp-element-button\" href=\"https:\/\/www.planningveto.com\/rendez-vous-veto-cliniqueanimalzen-782939\" style=\"background-color:#00a1d2\">Cliquez ici<\/a><\/div>\n<\/div>\n\n\n\n<div style=\"height:49px\" aria-hidden=\"true\" class=\"wp-block-spacer\"><\/div>\n\n\n\n<h1 class=\"wp-block-heading has-text-align-center has-text-color\" style=\"color:#60498f\">Bien pr\u00e9parer sa visite<\/h1>\n\n\n\n<hr class=\"wp-block-separator has-text-color has-secondary-color has-css-opacity has-secondary-background-color has-background aligncenter is-style-wide\"\/>\n\n\n\n<div class=\"wp-block-media-text alignwide is-stacked-on-mobile\" style=\"grid-template-columns:37% auto\"><figure class=\"wp-block-media-text__media\"><img loading=\"lazy\" decoding=\"async\" width=\"568\" height=\"568\" src=\"http:\/\/cliniqueanimalzen.fr\/wp-content\/uploads\/2022\/04\/Plan-de-travail-25.png\" alt=\"\" class=\"wp-image-353 size-full\" srcset=\"https:\/\/cliniqueanimalzen.fr\/wp-content\/uploads\/2022\/04\/Plan-de-travail-25.png 568w, https:\/\/cliniqueanimalzen.fr\/wp-content\/uploads\/2022\/04\/Plan-de-travail-25-300x300.png 300w, https:\/\/cliniqueanimalzen.fr\/wp-content\/uploads\/2022\/04\/Plan-de-travail-25-150x150.png 150w\" sizes=\"auto, (max-width: 568px) 100vw, 568px\" \/><\/figure><div class=\"wp-block-media-text__content\">\n<p>Venir en consultation, c&rsquo;est aussi l&rsquo;occasion de pr\u00e9parer votre animal au trajet. Pour vous facilitez la t\u00e2che et r\u00e9duire son stress, voici nos conseils <strong>&gt;&gt; <a href=\"http:\/\/cliniqueanimalzen.fr\/index.php\/conseils-et-ressources\/\">ICI <\/a>&lt;&lt;<\/strong><\/p>\n\n\n\n<div class=\"wp-block-buttons is-content-justification-center is-layout-flex wp-container-core-buttons-is-layout-16018d1d wp-block-buttons-is-layout-flex\">\n<div class=\"wp-block-button\"><a class=\"wp-block-button__link has-background has-text-align-center wp-element-button\" href=\"https:\/\/cliniqueanimalzen.fr\/wp-content\/uploads\/2023\/04\/Minou-dans-boite-1.pdf\" style=\"background-color:#00a1d2\">PDF : Mettre minou dans sa bo\u00eete<\/a><\/div>\n<\/div>\n<\/div><\/div>\n\n\n\n<div class=\"wp-block-buttons is-content-justification-center is-layout-flex wp-container-core-buttons-is-layout-16018d1d wp-block-buttons-is-layout-flex\"><\/div>\n\n\n\n<div style=\"height:50px\" aria-hidden=\"true\" class=\"wp-block-spacer\"><\/div>\n\n\n\n<h1 class=\"wp-block-heading has-text-align-center has-text-color\" style=\"color:#60498f\">Nous trouver &amp; nous contacter<\/h1>\n\n\n\n<hr class=\"wp-block-separator has-text-color has-secondary-color has-css-opacity has-secondary-background-color has-background aligncenter is-style-wide\"\/>\n\n\n\n<div class=\"wp-block-columns is-layout-flex wp-container-core-columns-is-layout-9d6595d7 wp-block-columns-is-layout-flex\">\n<div class=\"wp-block-column is-layout-flow wp-block-column-is-layout-flow\"><div id=\"wpgmza_map\" class=\"wpgmza_map\" data-settings='{\"id\":\"1\",\"map_title\":\"Clinique\",\"map_width\":\"100\",\"map_height\":\"400\",\"map_start_lat\":\"48.48185829463347\",\"map_start_lng\":\"7.730786164675784\",\"map_start_location\":\"45.950464398418106,-109.81550500000003\",\"map_start_zoom\":\"15\",\"default_marker\":\"\",\"type\":\"0\",\"alignment\":\"4\",\"directions_enabled\":\"0\",\"styling_enabled\":\"0\",\"styling_json\":\"\",\"active\":\"0\",\"kml\":\"\",\"bicycle\":\"0\",\"traffic\":\"0\",\"dbox\":\"0\",\"dbox_width\":\"\",\"listmarkers\":\"0\",\"listmarkers_advanced\":\"0\",\"filterbycat\":\"0\",\"ugm_enabled\":\"0\",\"ugm_category_enabled\":\"0\",\"fusion\":\"\",\"map_width_type\":\"%\",\"map_height_type\":\"px\",\"mass_marker_support\":\"0\",\"ugm_access\":\"0\",\"order_markers_by\":\"0\",\"order_markers_choice\":\"0\",\"show_user_location\":\"0\",\"default_to\":\"\",\"other_settings\":{\"map_type\":1,\"sl_stroke_color\":\"\",\"sl_fill_color\":\"\",\"sl_stroke_opacity\":\"\",\"sl_fill_opacity\":\"\",\"transport_layer\":false,\"action\":\"wpgmza_save_map\",\"redirect_to\":\"\\\/wp-admin\\\/admin-post.php\",\"map_id\":\"1\",\"http_referer\":\"\\\/wp-admin\\\/admin.php?page=wp-google-maps-menu&amp;amp;action=edit&amp;amp;map_id=1\",\"wpgmza_id\":\"1\",\"wpgmza_start_location\":\"48.48185829463347,7.730786164675784\",\"wpgmza_start_zoom\":\"15\",\"store_locator_enabled\":false,\"store_locator_search_area\":\"radial\",\"wpgmza_store_locator_radius_style\":\"legacy\",\"wpgmza_store_locator_default_radius\":\"10\",\"store_locator_auto_area_max_zoom\":\"\",\"store_locator_distance\":false,\"wpgmza_store_locator_position\":false,\"store_locator_show_distance\":false,\"store_locator_category\":false,\"wpgmza_store_locator_use_their_location\":false,\"wpgmza_store_locator_bounce\":false,\"wpgmza_sl_animation\":null,\"wpgmza_store_locator_hide_before_search\":false,\"store_locator_query_string\":\"\",\"store_locator_default_address\":\"\",\"store_locator_name_search\":false,\"store_locator_name_string\":\"\",\"store_locator_not_found_message\":\"\",\"wpgmza_map_align\":\"1\",\"jump_to_nearest_marker_on_initialization\":false,\"automatically_pan_to_users_location\":false,\"override_users_location_zoom_level\":false,\"override_users_location_zoom_levels\":\"\",\"show_distance_from_location\":false,\"map_max_zoom\":\"21\",\"map_min_zoom\":\"0\",\"click_open_link\":false,\"fit_maps_bounds_to_markers\":false,\"fit_maps_bounds_to_markers_after_filtering\":false,\"hide_point_of_interest\":false,\"wpgmza_zoom_on_marker_click\":false,\"wpgmza_zoom_on_marker_click_slider\":\"\",\"close_infowindow_on_map_click\":false,\"disable_lightbox_images\":false,\"use_Raw_Jpeg_Coordinates\":false,\"disable_polygon_info_windows\":false,\"enable_marker_ratings\":false,\"only_load_markers_within_viewport\":false,\"iw_primary_color\":\"#000000\",\"iw_accent_color\":\"#000000\",\"iw_text_color\":\"#000000\",\"wpgmza_listmarkers_by\":\"0\",\"wpgmza_marker_listing_position\":false,\"zoom_level_on_marker_listing_override\":false,\"zoom_level_on_marker_listing_click\":\"\",\"datatable_no_result_message\":\"\",\"remove_search_box_datables\":false,\"dataTable_pagination_style\":null,\"datatable_search_string\":\"\",\"datatable_result_start\":\"\",\"datatable_result_of\":\"\",\"datatable_result_to\":\"\",\"datatable_result_total\":\"\",\"datatable_result_show\":\"\",\"datatable_result_entries\":\"\",\"wpgmza_savemap\":\"Enregistrer la carte \\u00bb\"}}' data-map-id='1' Data-maps-engine='open-layers' data-shortcode-attributes='{\"id\":\"1\"}' style=\"display:block; overflow:auto; width:100%; height:400px; float:left;\"><\/div><\/div>\n\n\n\n<div class=\"wp-block-column is-layout-flow wp-block-column-is-layout-flow\">\n<p class=\"has-text-color\" style=\"color:#60498f\">Ouvert<strong> du lundi au vendredi <\/strong><br>de 9 \u00e0 13h et de 14h30 \u00e0 18h30<strong><br><\/strong>Ouvert<strong> le samedi <\/strong><br>de 9 \u00e0 12h<\/p>\n\n\n\n<p class=\"has-text-color has-huge-font-size\" style=\"color:#60498f\"><strong>03 67 34 08 20<\/strong><\/p>\n\n\n\n<p class=\"has-text-color\" style=\"color:#60498f\">13 rue du commerce, 67114 Eschau<\/p>\n<\/div>\n<\/div>\n\n\n\n<div class=\"wp-block-columns is-layout-flex wp-container-core-columns-is-layout-9d6595d7 wp-block-columns-is-layout-flex\">\n<div class=\"wp-block-column is-layout-flow wp-block-column-is-layout-flow\"><\/div>\n<\/div>\n","protected":false},"excerpt":{"rendered":"<p>Nos Horaires Du Lundi au Vendredi : 09h00-13h00 et 14h30-18h30 Samedi : 09h00-12h00 Consultations uniquement sur Rendez-Vous. Prendre Rendez-Vous Bien pr\u00e9parer sa visite Nous trouver &amp; nous contacter Ouvert du lundi au vendredi de 9 \u00e0 13h et de 14h30 \u00e0 18h30Ouvert le samedi de 9 \u00e0 12h 03 67 34 08 20 13 rue<a class=\"more-link\" href=\"https:\/\/cliniqueanimalzen.fr\/index.php\/easyimagesldr\/slider\/\">Lire la suite <span class=\"screen-reader-text\">\u00ab\u00a0Slider\u00a0\u00bb<\/span><\/a><\/p>\n","protected":false},"author":1,"featured_media":0,"parent":0,"menu_order":0,"comment_status":"closed","ping_status":"closed","template":"","meta":{"footnotes":""},"class_list":["post-19","page","type-page","status-publish","hentry","entry"],"_links":{"self":[{"href":"https:\/\/cliniqueanimalzen.fr\/index.php\/wp-json\/wp\/v2\/pages\/19","targetHints":{"allow":["GET"]}}],"collection":[{"href":"https:\/\/cliniqueanimalzen.fr\/index.php\/wp-json\/wp\/v2\/pages"}],"about":[{"href":"https:\/\/cliniqueanimalzen.fr\/index.php\/wp-json\/wp\/v2\/types\/page"}],"author":[{"embeddable":true,"href":"https:\/\/cliniqueanimalzen.fr\/index.php\/wp-json\/wp\/v2\/users\/1"}],"replies":[{"embeddable":true,"href":"https:\/\/cliniqueanimalzen.fr\/index.php\/wp-json\/wp\/v2\/comments?post=19"}],"version-history":[{"count":76,"href":"https:\/\/cliniqueanimalzen.fr\/index.php\/wp-json\/wp\/v2\/pages\/19\/revisions"}],"predecessor-version":[{"id":1034,"href":"https:\/\/cliniqueanimalzen.fr\/index.php\/wp-json\/wp\/v2\/pages\/19\/revisions\/1034"}],"wp:attachment":[{"href":"https:\/\/cliniqueanimalzen.fr\/index.php\/wp-json\/wp\/v2\/media?parent=19"}],"curies":[{"name":"wp","href":"https:\/\/api.w.org\/{rel}","templated":true}]}}