{"id":130,"date":"2022-04-14T13:47:21","date_gmt":"2022-04-14T11:47:21","guid":{"rendered":"http:\/\/cliniqueanimalzen.fr\/?page_id=130"},"modified":"2025-03-04T23:08:53","modified_gmt":"2025-03-04T22:08:53","slug":"medecine-du-comportement","status":"publish","type":"page","link":"https:\/\/cliniqueanimalzen.fr\/index.php\/medecine-du-comportement\/","title":{"rendered":"Comportement"},"content":{"rendered":"\n<p class=\"justifier-paragraphe has-small-font-size\">Consultations r\u00e9f\u00e9r\u00e9es en m\u00e9decine du comportement pour chats, chiens et lapins.<\/p>\n\n\n\n<p class=\"justifier-paragraphe has-small-font-size\"><br>Dre F\u00e9ry, v\u00e9t\u00e9rinaire dipl\u00f4m\u00e9e en 2015 du <span style=\"color:#00A1D2;\"><strong>CEAV<\/strong><\/span> (Certificat d&rsquo;\u00e9tudes approfondies v\u00e9t\u00e9rinaires) en m\u00e9decine du comportement des animaux domestiques, vous recevra pour <span style=\"text-decoration: underline;\">diff\u00e9rentes situations<\/span> :<\/p>\n\n\n\n<ul class=\"wp-block-list has-small-font-size\">\n<li class=\"justifier-paragraphe\">Vous venez d&rsquo;adopter un animal, tout jeune ou d\u00e9j\u00e0 adulte, et vous souhaitez avoir des conseils personnalis\u00e9s pour que tout se passe pour le mieux : <strong style=\"font-family: var(--font-base, &quot;Source Serif Pro&quot;, &quot;Baskerville Old Face&quot;, Garamond, &quot;Times New Roman&quot;, serif);\"><span style=\"color:#00A1D2;\">la consultation bien-\u00eatre<\/span><\/strong><span style=\"font-family: var(--font-base, &quot;Source Serif Pro&quot;, &quot;Baskerville Old Face&quot;, Garamond, &quot;Times New Roman&quot;, serif);\">, d&rsquo;une dur\u00e9e de <\/span><em style=\"font-family: var(--font-base, &quot;Source Serif Pro&quot;, &quot;Baskerville Old Face&quot;, Garamond, &quot;Times New Roman&quot;, serif);\">45 minutes<\/em><span style=\"font-family: var(--font-base, &quot;Source Serif Pro&quot;, &quot;Baskerville Old Face&quot;, Garamond, &quot;Times New Roman&quot;, serif);\"> vous sera propos\u00e9e.<\/span><\/li>\n<\/ul>\n\n\n\n<ul class=\"wp-block-list has-small-font-size\">\n<li class=\"justifier-paragraphe\">Votre animal pr\u00e9sente des comportements ind\u00e9sirables ou probl\u00e9matiques : <span style=\"color:#00A1D2;\"><strong>Une <span class='tooltipsall tooltipsincontent classtoolTips0'>consultation en m\u00e9decine du comportement<\/span><\/strong><\/span>, d&rsquo;une dur\u00e9e d&rsquo;<em>1h30<\/em> est indiqu\u00e9. Il vous sera alors demand\u00e9 de remplir un questionnaire d\u00e9taill\u00e9, \u00e0 nous retourner par email au plus tard 48h avec la consultation, ainsi que le versement d&rsquo;un acompte pour confirmer le RDV. Le jour J, vous passerez en revue avec Dre F\u00e9ry&nbsp;<strong>tous les aspects de sa sant\u00e9, de sa vie, et de son environnement<\/strong> physique et social, pour pouvoir poser un diagnostic puis mettre en place une&nbsp;<strong>th\u00e9rapie comportementale adapt\u00e9e \u00e0 ses besoins \u00e9thologiques<\/strong>. Un compte rendu \u00e9crit et d\u00e9taill\u00e9 pour sera ensuite envoy\u00e9 par email.<\/li>\n<\/ul>\n\n\n\n<ul class=\"wp-block-list has-small-font-size\">\n<li class=\"justifier-paragraphe\">Votre v\u00e9t\u00e9rinaire traitant.e vous envoie? Signalez-le-nous d\u00e8s la prise de RDV, nous lui enverrons un compte rendu, ce qui permettra un meilleur suivi et une meilleure compr\u00e9hension de la situation pour tou.te.s.<\/li>\n<\/ul>\n\n\n\n<ul class=\"wp-block-list has-small-font-size\">\n<li class=\"justifier-paragraphe\">Vous \u00eates d\u00e9tenteur d&rsquo;un chien de cat\u00e9gorie? Nous r\u00e9aliserons ensemble, et avec bienveillance, son <strong><span style=\"color:#00A1D2;\">\u00e9valuation comportementale<\/span><\/strong>, indispensable pour obtenir le permis de d\u00e9tention. Dur\u00e9e: entre <em>45 minutes et 1 heure<\/em>.<\/li>\n<\/ul>\n\n\n\n<ul class=\"wp-block-list has-small-font-size\">\n<li class=\"justifier-paragraphe\">Vous ne savez pas si la morphologie de votre chien en fait un chien de cat\u00e9gorie, ou si au contraire, il peut \u00eatre exclu des cat\u00e9gories d\u00e9finies par l&rsquo;arr\u00eat\u00e9 du 27\/04\/99? Nous ferons alors une <strong><span style=\"color:#00A1D2;\">diagnose de<\/span><\/strong> <strong><mark style=\"background-color:rgba(0, 0, 0, 0);color:#00a1d2\" class=\"has-inline-color\">cat\u00e9gorie<\/mark><\/strong>, d&rsquo;une dur\u00e9e de <em>30 minutes<\/em>. Attention: Les diagnoses ne peuvent s&rsquo;effectuer que sur des chiens qui ne sont pas inscrits au LOF. Une diagnose de cat\u00e9gorie\u00a0ne garantit aucunement l&rsquo;issue, qui d\u00e9pend uniquement des crit\u00e8res morphologiques d\u00e9finis par l&rsquo;arr\u00eat\u00e9 du 27\/04\/1999.<\/li>\n<\/ul>\n\n\n\n<ul class=\"wp-block-list has-small-font-size\">\n<li class=\"justifier-paragraphe\">Votre chien a mordu? La mairie, ou la gendarmerie vous envoie? Une <strong><span style=\"color:#00A1D2;\">\u00e9valuation comportementale<\/span><\/strong> est alors n\u00e9cessaire, vous pouvez choisir librement o\u00f9 vous la faites r\u00e9aliser, sur la liste des v\u00e9t\u00e9rinaires \u00e9valuateurs et \u00e9valuatrices fournie par l&rsquo;ordre des v\u00e9t\u00e9rinaires ou par la DDPP.<\/li>\n<\/ul>\n\n\n\n<ul class=\"wp-block-list has-small-font-size\">\n<li class=\"justifier-paragraphe\">Par souci d&rsquo;impartialit\u00e9, nous ne pourrons pas \u00e9valuer un animal qui est d\u00e9j\u00e0 suivi par Dre F\u00e9ry. Cependant, nous vous recevrons, si vous le souhaitez, pour une<strong> <span style=\"color:#00A1D2;\"><span class='tooltipsall tooltipsincontent classtoolTips0'>consultation en m\u00e9decine du comportement<\/span><\/span><\/strong>, afin de vous aider \u00e0 comprendre les raisons de son comportement et mettre en place une th\u00e9rapie comportementale adapt\u00e9e pour r\u00e9duire les risques de r\u00e9cidive, et r\u00e9tablir un environnement sain pour toute la famille.<\/li>\n<\/ul>\n\n\n\n<ul class=\"wp-block-list has-small-font-size\">\n<li class=\"justifier-paragraphe\">Votre chien n&rsquo;a pas mordu mais il a grogn\u00e9 et vous vous en inqui\u00e9tez? Nous vous conseillons une <span style=\"color:#00A1D2;\"><strong><span class='tooltipsall tooltipsincontent classtoolTips0'>consultation en m\u00e9decine du comportement<\/span><\/strong>.<\/span><\/li>\n<\/ul>\n<script type=\"text\/javascript\"> toolTips('.classtoolTips0','Cette consultation dure <em>1h30<\/em>. Il vous sera demand\u00e9 de remplir un questionnaire d\u00e9taill\u00e9, \u00e0 nous retourner par email au plus tard 48h avec la consultation. Le jour J, vous passerez en revue avec Dre F\u00e9ry <strong>tous les aspects de sa sant\u00e9, de sa vie, et de son environnement<\/strong>, pour mettre en place une <strong>th\u00e9rapie comportementale sur mesure<\/strong>. Un compte rendu \u00e9crit et d\u00e9taill\u00e9 pour sera ensuite envoy\u00e9 par email.'); <\/script>","protected":false},"excerpt":{"rendered":"<p>Consultations r\u00e9f\u00e9r\u00e9es en m\u00e9decine du comportement pour chats, chiens et lapins. Dre F\u00e9ry, v\u00e9t\u00e9rinaire dipl\u00f4m\u00e9e en 2015 du CEAV (Certificat d&rsquo;\u00e9tudes approfondies v\u00e9t\u00e9rinaires) en m\u00e9decine du comportement des animaux domestiques, vous recevra pour diff\u00e9rentes situations :<\/p>\n","protected":false},"author":1,"featured_media":0,"parent":0,"menu_order":0,"comment_status":"closed","ping_status":"closed","template":"","meta":{"footnotes":""},"class_list":["post-130","page","type-page","status-publish","hentry","entry"],"_links":{"self":[{"href":"https:\/\/cliniqueanimalzen.fr\/index.php\/wp-json\/wp\/v2\/pages\/130","targetHints":{"allow":["GET"]}}],"collection":[{"href":"https:\/\/cliniqueanimalzen.fr\/index.php\/wp-json\/wp\/v2\/pages"}],"about":[{"href":"https:\/\/cliniqueanimalzen.fr\/index.php\/wp-json\/wp\/v2\/types\/page"}],"author":[{"embeddable":true,"href":"https:\/\/cliniqueanimalzen.fr\/index.php\/wp-json\/wp\/v2\/users\/1"}],"replies":[{"embeddable":true,"href":"https:\/\/cliniqueanimalzen.fr\/index.php\/wp-json\/wp\/v2\/comments?post=130"}],"version-history":[{"count":26,"href":"https:\/\/cliniqueanimalzen.fr\/index.php\/wp-json\/wp\/v2\/pages\/130\/revisions"}],"predecessor-version":[{"id":974,"href":"https:\/\/cliniqueanimalzen.fr\/index.php\/wp-json\/wp\/v2\/pages\/130\/revisions\/974"}],"wp:attachment":[{"href":"https:\/\/cliniqueanimalzen.fr\/index.php\/wp-json\/wp\/v2\/media?parent=130"}],"curies":[{"name":"wp","href":"https:\/\/api.w.org\/{rel}","templated":true}]}}