{"id":129,"date":"2022-04-14T13:47:21","date_gmt":"2022-04-14T11:47:21","guid":{"rendered":"http:\/\/cliniqueanimalzen.fr\/?page_id=129"},"modified":"2023-04-21T13:38:41","modified_gmt":"2023-04-21T11:38:41","slug":"la-clinique","status":"publish","type":"page","link":"https:\/\/cliniqueanimalzen.fr\/index.php\/la-clinique\/","title":{"rendered":"La clinique"},"content":{"rendered":"\n<p class=\"has-text-align-center\" style=\"text-align: left;\">Bienvenue \u00e0 la clinique v\u00e9t\u00e9rinaire <strong><span style=\"color: #00a1d2;\">l\u2019Animal Zen<\/span><\/strong>!<\/p>\n\n\n\n<p class=\"justifier-paragraphe\">Situ\u00e9e \u00e0 <strong><span style=\"text-decoration: underline; color:#00a1d2\">Eschau<\/span><\/strong>, dans la zone d\u2019activit\u00e9 des fusiliers marins, la clinique a ouvert ses portes le <strong><span style=\"color:#00a1d2\">25 avril 2022<\/span><\/strong>.<\/p>\n\n\n\n<p class=\"justifier-paragraphe\">Vous nous trouverez au <strong><span style=\"color:#00a1d2\">13 rue du commerce<\/span><\/strong>, \u00e0 c\u00f4t\u00e9 du magasin \u201cAu bon conseil\u201d et en face de la station de lavage l&rsquo;\u00e9l\u00e9phant bleu.<\/p>\n\n\n\n<p class=\"justifier-paragraphe\">Lorsque vous arrivez \u00e0 la clinique, vous trouverez un parking facile d\u2019acc\u00e8s juste devant l\u2019entr\u00e9e. Nous vous remercions d\u2019avance de ne pas aller au-del\u00e0 du panneau \u2018passage interdit\u2019 en promenant vos chiens afin de pr\u00e9server le calme et d\u2019\u00e9viter le stress des chiens qui sont en salle de consultation.<\/p>\n\n\n\n<p><span style=\"text-decoration: underline;\"><em>La clinique est enti\u00e8rement accessible aux PMR.<\/em><\/span><\/p>\n\n\n\n<figure class=\"wp-block-image size-large\"><img loading=\"lazy\" decoding=\"async\" width=\"1024\" height=\"683\" src=\"http:\/\/cliniqueanimalzen.fr\/wp-content\/uploads\/2023\/04\/IMG_9510-1024x683.jpg\" alt=\"\" class=\"wp-image-644\" srcset=\"https:\/\/cliniqueanimalzen.fr\/wp-content\/uploads\/2023\/04\/IMG_9510-1024x683.jpg 1024w, https:\/\/cliniqueanimalzen.fr\/wp-content\/uploads\/2023\/04\/IMG_9510-300x200.jpg 300w, https:\/\/cliniqueanimalzen.fr\/wp-content\/uploads\/2023\/04\/IMG_9510-768x512.jpg 768w, https:\/\/cliniqueanimalzen.fr\/wp-content\/uploads\/2023\/04\/IMG_9510-1536x1024.jpg 1536w, https:\/\/cliniqueanimalzen.fr\/wp-content\/uploads\/2023\/04\/IMG_9510-2048x1365.jpg 2048w, https:\/\/cliniqueanimalzen.fr\/wp-content\/uploads\/2023\/04\/IMG_9510-1568x1045.jpg 1568w\" sizes=\"auto, (max-width: 1024px) 100vw, 1024px\" \/><\/figure>\n\n\n\n<p class=\"justifier-paragraphe\">A l&rsquo;accueil, une salle d\u2019attente \u00e0 destination des <em><span style=\"text-decoration: underline;\">chiens<\/span> <\/em>et des <em><span style=\"text-decoration: underline;\">furets<\/span> <\/em>se trouve directement \u00e0 votre droite et un plateau de pes\u00e9e est \u00e0 votre disposition tout \u00e0 gauche le long de la baie vitr\u00e9e.<\/p>\n\n\n\n<figure class=\"wp-block-image size-large\"><img loading=\"lazy\" decoding=\"async\" width=\"1024\" height=\"683\" src=\"http:\/\/cliniqueanimalzen.fr\/wp-content\/uploads\/2023\/04\/IMG_9360-1024x683.jpg\" alt=\"\" class=\"wp-image-645\" srcset=\"https:\/\/cliniqueanimalzen.fr\/wp-content\/uploads\/2023\/04\/IMG_9360-1024x683.jpg 1024w, https:\/\/cliniqueanimalzen.fr\/wp-content\/uploads\/2023\/04\/IMG_9360-300x200.jpg 300w, https:\/\/cliniqueanimalzen.fr\/wp-content\/uploads\/2023\/04\/IMG_9360-768x512.jpg 768w, https:\/\/cliniqueanimalzen.fr\/wp-content\/uploads\/2023\/04\/IMG_9360-1536x1024.jpg 1536w, https:\/\/cliniqueanimalzen.fr\/wp-content\/uploads\/2023\/04\/IMG_9360-2048x1365.jpg 2048w, https:\/\/cliniqueanimalzen.fr\/wp-content\/uploads\/2023\/04\/IMG_9360-1568x1045.jpg 1568w\" sizes=\"auto, (max-width: 1024px) 100vw, 1024px\" \/><\/figure>\n\n\n\n<p class=\"justifier-paragraphe\">Si vous venez avec votre <em><span style=\"text-decoration: underline;\">chat<\/span><\/em>, <em><span style=\"text-decoration: underline;\">lapin<\/span> <\/em>ou <em><span style=\"text-decoration: underline;\">cobaye<\/span><\/em>, une salle d\u2019attente sp\u00e9cifique et ferm\u00e9e vous est r\u00e9serv\u00e9e, juste \u00e0 gauche avant le couloir, afin que l\u2019attente se passe au calme et dans les conditions les moins stressantes possible.<\/p>\n\n\n\n<figure class=\"wp-block-image size-large\"><img loading=\"lazy\" decoding=\"async\" width=\"768\" height=\"1024\" src=\"http:\/\/cliniqueanimalzen.fr\/wp-content\/uploads\/2023\/04\/salle-dattente-chats-et-lapins-768x1024.jpg\" alt=\"\" class=\"wp-image-646\" srcset=\"https:\/\/cliniqueanimalzen.fr\/wp-content\/uploads\/2023\/04\/salle-dattente-chats-et-lapins-768x1024.jpg 768w, https:\/\/cliniqueanimalzen.fr\/wp-content\/uploads\/2023\/04\/salle-dattente-chats-et-lapins-225x300.jpg 225w, https:\/\/cliniqueanimalzen.fr\/wp-content\/uploads\/2023\/04\/salle-dattente-chats-et-lapins-1152x1536.jpg 1152w, https:\/\/cliniqueanimalzen.fr\/wp-content\/uploads\/2023\/04\/salle-dattente-chats-et-lapins-1536x2048.jpg 1536w, https:\/\/cliniqueanimalzen.fr\/wp-content\/uploads\/2023\/04\/salle-dattente-chats-et-lapins-1568x2091.jpg 1568w, https:\/\/cliniqueanimalzen.fr\/wp-content\/uploads\/2023\/04\/salle-dattente-chats-et-lapins-scaled.jpg 1920w\" sizes=\"auto, (max-width: 768px) 100vw, 768px\" \/><\/figure>\n\n\n\n<p>L\u2019Animal Zen dispose de <span style=\"text-decoration: underline;\">3 salles de consultations<\/span> pour animaux de compagnie:&nbsp;<\/p>\n\n\n\n<ul class=\"wp-block-list\">\n<li class=\"justifier-paragraphe\"><em>deux salles de consultations pour les chiens<\/em>, dont une dispose directement d\u2019une porte de sortie, ce qui \u00e9vite les croisements de chiens en salle d\u2019attente ainsi que l\u2019agitation et les aboiements qui peuvent en d\u00e9couler.<\/li>\n\n\n\n<li class=\"justifier-paragraphe\"><em>une salle de consultation r\u00e9serv\u00e9e aux chats, lapins et cochons d\u2019Inde,<\/em> accessible depuis leur salle d\u2019attente sp\u00e9cifique. Ces salles sont isol\u00e9es phoniquement pour favoriser la s\u00e9r\u00e9nit\u00e9 et le bien-\u00eatre de nos patients.<\/li>\n<\/ul>\n\n\n\n<figure class=\"wp-block-gallery has-nested-images columns-default is-cropped wp-block-gallery-1 is-layout-flex wp-block-gallery-is-layout-flex\">\n<figure class=\"wp-block-image size-large\"><img loading=\"lazy\" decoding=\"async\" width=\"480\" height=\"510\" data-id=\"649\" src=\"http:\/\/cliniqueanimalzen.fr\/wp-content\/uploads\/2023\/04\/image-3-chiens.jpg\" alt=\"\" class=\"wp-image-649\" srcset=\"https:\/\/cliniqueanimalzen.fr\/wp-content\/uploads\/2023\/04\/image-3-chiens.jpg 480w, https:\/\/cliniqueanimalzen.fr\/wp-content\/uploads\/2023\/04\/image-3-chiens-282x300.jpg 282w\" sizes=\"auto, (max-width: 480px) 100vw, 480px\" \/><\/figure>\n\n\n\n<figure class=\"wp-block-image alignwide size-large\"><img loading=\"lazy\" decoding=\"async\" width=\"1024\" height=\"529\" data-id=\"647\" src=\"http:\/\/cliniqueanimalzen.fr\/wp-content\/uploads\/2023\/04\/consult-ct-2-1024x529.jpg\" alt=\"\" class=\"wp-image-647\" srcset=\"https:\/\/cliniqueanimalzen.fr\/wp-content\/uploads\/2023\/04\/consult-ct-2-1024x529.jpg 1024w, https:\/\/cliniqueanimalzen.fr\/wp-content\/uploads\/2023\/04\/consult-ct-2-300x155.jpg 300w, https:\/\/cliniqueanimalzen.fr\/wp-content\/uploads\/2023\/04\/consult-ct-2-768x396.jpg 768w, https:\/\/cliniqueanimalzen.fr\/wp-content\/uploads\/2023\/04\/consult-ct-2-1536x793.jpg 1536w, https:\/\/cliniqueanimalzen.fr\/wp-content\/uploads\/2023\/04\/consult-ct-2-1568x809.jpg 1568w, https:\/\/cliniqueanimalzen.fr\/wp-content\/uploads\/2023\/04\/consult-ct-2.jpg 2048w\" sizes=\"auto, (max-width: 1024px) 100vw, 1024px\" \/><\/figure>\n\n\n\n<figure class=\"wp-block-image size-large\"><img loading=\"lazy\" decoding=\"async\" width=\"1024\" height=\"683\" data-id=\"652\" src=\"http:\/\/cliniqueanimalzen.fr\/wp-content\/uploads\/2023\/04\/IMG_9386-1024x683.jpg\" alt=\"\" class=\"wp-image-652\" srcset=\"https:\/\/cliniqueanimalzen.fr\/wp-content\/uploads\/2023\/04\/IMG_9386-1024x683.jpg 1024w, https:\/\/cliniqueanimalzen.fr\/wp-content\/uploads\/2023\/04\/IMG_9386-300x200.jpg 300w, https:\/\/cliniqueanimalzen.fr\/wp-content\/uploads\/2023\/04\/IMG_9386-768x512.jpg 768w\" sizes=\"auto, (max-width: 1024px) 100vw, 1024px\" \/><\/figure>\n\n\n\n<figure class=\"wp-block-image size-large\"><img decoding=\"async\" data-id=\"651\" src=\"http:\/\/cliniqueanimalzen.fr\/wp-content\/uploads\/2023\/04\/IMG_9387.jpg\" alt=\"\" class=\"wp-image-651\"\/><\/figure>\n\n\n\n<figure class=\"wp-block-image size-large\"><img loading=\"lazy\" decoding=\"async\" width=\"1024\" height=\"683\" data-id=\"650\" src=\"http:\/\/cliniqueanimalzen.fr\/wp-content\/uploads\/2023\/04\/IMG_9444-1024x683.jpg\" alt=\"\" class=\"wp-image-650\" srcset=\"https:\/\/cliniqueanimalzen.fr\/wp-content\/uploads\/2023\/04\/IMG_9444-1024x683.jpg 1024w, https:\/\/cliniqueanimalzen.fr\/wp-content\/uploads\/2023\/04\/IMG_9444-300x200.jpg 300w, https:\/\/cliniqueanimalzen.fr\/wp-content\/uploads\/2023\/04\/IMG_9444-768x512.jpg 768w\" sizes=\"auto, (max-width: 1024px) 100vw, 1024px\" \/><\/figure>\n\n\n\n<figure class=\"wp-block-image size-large\"><img loading=\"lazy\" decoding=\"async\" width=\"1024\" height=\"768\" data-id=\"648\" src=\"http:\/\/cliniqueanimalzen.fr\/wp-content\/uploads\/2023\/04\/consult-cn-2-1024x768.jpg\" alt=\"\" class=\"wp-image-648\" srcset=\"https:\/\/cliniqueanimalzen.fr\/wp-content\/uploads\/2023\/04\/consult-cn-2-1024x768.jpg 1024w, https:\/\/cliniqueanimalzen.fr\/wp-content\/uploads\/2023\/04\/consult-cn-2-300x225.jpg 300w, https:\/\/cliniqueanimalzen.fr\/wp-content\/uploads\/2023\/04\/consult-cn-2-768x576.jpg 768w, https:\/\/cliniqueanimalzen.fr\/wp-content\/uploads\/2023\/04\/consult-cn-2-1536x1152.jpg 1536w, https:\/\/cliniqueanimalzen.fr\/wp-content\/uploads\/2023\/04\/consult-cn-2-1568x1176.jpg 1568w, https:\/\/cliniqueanimalzen.fr\/wp-content\/uploads\/2023\/04\/consult-cn-2.jpg 2048w\" sizes=\"auto, (max-width: 1024px) 100vw, 1024px\" \/><\/figure>\n\n\n\n<figure class=\"wp-block-image size-large\"><img loading=\"lazy\" decoding=\"async\" width=\"683\" height=\"1024\" data-id=\"653\" src=\"http:\/\/cliniqueanimalzen.fr\/wp-content\/uploads\/2023\/04\/IMG_9417-683x1024.jpg\" alt=\"\" class=\"wp-image-653\" srcset=\"https:\/\/cliniqueanimalzen.fr\/wp-content\/uploads\/2023\/04\/IMG_9417-683x1024.jpg 683w, https:\/\/cliniqueanimalzen.fr\/wp-content\/uploads\/2023\/04\/IMG_9417-200x300.jpg 200w, https:\/\/cliniqueanimalzen.fr\/wp-content\/uploads\/2023\/04\/IMG_9417-768x1152.jpg 768w, https:\/\/cliniqueanimalzen.fr\/wp-content\/uploads\/2023\/04\/IMG_9417-1024x1536.jpg 1024w, https:\/\/cliniqueanimalzen.fr\/wp-content\/uploads\/2023\/04\/IMG_9417-1365x2048.jpg 1365w, https:\/\/cliniqueanimalzen.fr\/wp-content\/uploads\/2023\/04\/IMG_9417-1568x2352.jpg 1568w, https:\/\/cliniqueanimalzen.fr\/wp-content\/uploads\/2023\/04\/IMG_9417-scaled.jpg 1707w\" sizes=\"auto, (max-width: 683px) 100vw, 683px\" \/><\/figure>\n<\/figure>\n\n\n\n<p class=\"justifier-paragraphe\">La clinique est \u00e9quip\u00e9e en imagerie m\u00e9dicale, avec une salle de radiologie num\u00e9rique et d\u2019\u00e9chographie. Nous disposons \u00e9galement d\u2019analyseurs sanguins (biochimie, hormonologie, h\u00e9matologie) et d\u2019un microscope performant, qui nous permettent de faire <span style=\"text-decoration: underline;\">rapidement <\/span>une grande partie <span style=\"text-decoration: underline;\">des analyses n\u00e9cessaires<\/span> \u00e0 la pose d\u2019un diagnostic pour votre animal.<\/p>\n\n\n\n<figure class=\"wp-block-gallery has-nested-images columns-default is-cropped wp-block-gallery-2 is-layout-flex wp-block-gallery-is-layout-flex\">\n<figure class=\"wp-block-image size-large\"><img loading=\"lazy\" decoding=\"async\" width=\"683\" height=\"1024\" data-id=\"656\" src=\"http:\/\/cliniqueanimalzen.fr\/wp-content\/uploads\/2023\/04\/IMG_9434-683x1024.jpg\" alt=\"\" class=\"wp-image-656\" srcset=\"https:\/\/cliniqueanimalzen.fr\/wp-content\/uploads\/2023\/04\/IMG_9434-683x1024.jpg 683w, https:\/\/cliniqueanimalzen.fr\/wp-content\/uploads\/2023\/04\/IMG_9434-200x300.jpg 200w, https:\/\/cliniqueanimalzen.fr\/wp-content\/uploads\/2023\/04\/IMG_9434-768x1152.jpg 768w, https:\/\/cliniqueanimalzen.fr\/wp-content\/uploads\/2023\/04\/IMG_9434-1024x1536.jpg 1024w, https:\/\/cliniqueanimalzen.fr\/wp-content\/uploads\/2023\/04\/IMG_9434-1365x2048.jpg 1365w, https:\/\/cliniqueanimalzen.fr\/wp-content\/uploads\/2023\/04\/IMG_9434-1568x2352.jpg 1568w, https:\/\/cliniqueanimalzen.fr\/wp-content\/uploads\/2023\/04\/IMG_9434-scaled.jpg 1707w\" sizes=\"auto, (max-width: 683px) 100vw, 683px\" \/><\/figure>\n\n\n\n<figure class=\"wp-block-image size-large\"><img loading=\"lazy\" decoding=\"async\" width=\"683\" height=\"1024\" data-id=\"654\" src=\"http:\/\/cliniqueanimalzen.fr\/wp-content\/uploads\/2023\/04\/IMG_9486amail-683x1024.jpg\" alt=\"\" class=\"wp-image-654\" srcset=\"https:\/\/cliniqueanimalzen.fr\/wp-content\/uploads\/2023\/04\/IMG_9486amail-683x1024.jpg 683w, https:\/\/cliniqueanimalzen.fr\/wp-content\/uploads\/2023\/04\/IMG_9486amail-200x300.jpg 200w, https:\/\/cliniqueanimalzen.fr\/wp-content\/uploads\/2023\/04\/IMG_9486amail-768x1152.jpg 768w, https:\/\/cliniqueanimalzen.fr\/wp-content\/uploads\/2023\/04\/IMG_9486amail-1024x1536.jpg 1024w, https:\/\/cliniqueanimalzen.fr\/wp-content\/uploads\/2023\/04\/IMG_9486amail-1365x2048.jpg 1365w, https:\/\/cliniqueanimalzen.fr\/wp-content\/uploads\/2023\/04\/IMG_9486amail-1568x2352.jpg 1568w, https:\/\/cliniqueanimalzen.fr\/wp-content\/uploads\/2023\/04\/IMG_9486amail-scaled.jpg 1707w\" sizes=\"auto, (max-width: 683px) 100vw, 683px\" \/><\/figure>\n\n\n\n<figure class=\"wp-block-image size-large\"><img loading=\"lazy\" decoding=\"async\" width=\"2560\" height=\"1706\" data-id=\"655\" src=\"http:\/\/cliniqueanimalzen.fr\/wp-content\/uploads\/2023\/04\/IMG_9475amail-scaled.jpg\" alt=\"\" class=\"wp-image-655\" srcset=\"https:\/\/cliniqueanimalzen.fr\/wp-content\/uploads\/2023\/04\/IMG_9475amail-scaled.jpg 2560w, https:\/\/cliniqueanimalzen.fr\/wp-content\/uploads\/2023\/04\/IMG_9475amail-300x200.jpg 300w\" sizes=\"auto, (max-width: 2560px) 100vw, 2560px\" \/><\/figure>\n<\/figure>\n\n\n\n<p class=\"justifier-paragraphe\">Un peu plus loin dans la clinique, nous avons une salle de soins et de pr\u00e9paration des animaux avant les chirurgies, ainsi que 3 salles d\u2019hospitalisation (une pour les chats et lapins, une pour les chiens et une pour les animaux contagieux). Ces salles sont isol\u00e9es phoniquement toujours dans le but que nos patients soient au calme pendant leur convalescence ou leur r\u00e9veil d\u2019anesth\u00e9sie<\/p>\n\n\n\n<figure class=\"wp-block-gallery has-nested-images columns-default is-cropped wp-block-gallery-3 is-layout-flex wp-block-gallery-is-layout-flex\">\n<figure class=\"wp-block-image alignfull size-large\"><img loading=\"lazy\" decoding=\"async\" width=\"1024\" height=\"768\" data-id=\"659\" src=\"http:\/\/cliniqueanimalzen.fr\/wp-content\/uploads\/2023\/04\/hospit-ct-3-1024x768.jpg\" alt=\"\" class=\"wp-image-659\" srcset=\"https:\/\/cliniqueanimalzen.fr\/wp-content\/uploads\/2023\/04\/hospit-ct-3-1024x768.jpg 1024w, https:\/\/cliniqueanimalzen.fr\/wp-content\/uploads\/2023\/04\/hospit-ct-3-300x225.jpg 300w, https:\/\/cliniqueanimalzen.fr\/wp-content\/uploads\/2023\/04\/hospit-ct-3-768x576.jpg 768w, https:\/\/cliniqueanimalzen.fr\/wp-content\/uploads\/2023\/04\/hospit-ct-3-1536x1152.jpg 1536w, https:\/\/cliniqueanimalzen.fr\/wp-content\/uploads\/2023\/04\/hospit-ct-3-1568x1176.jpg 1568w, https:\/\/cliniqueanimalzen.fr\/wp-content\/uploads\/2023\/04\/hospit-ct-3.jpg 2048w\" sizes=\"auto, (max-width: 1024px) 100vw, 1024px\" \/><\/figure>\n\n\n\n<figure class=\"wp-block-image size-large\"><img loading=\"lazy\" decoding=\"async\" width=\"1024\" height=\"768\" data-id=\"657\" src=\"http:\/\/cliniqueanimalzen.fr\/wp-content\/uploads\/2023\/04\/hospit-ct-2-1024x768.jpg\" alt=\"\" class=\"wp-image-657\" srcset=\"https:\/\/cliniqueanimalzen.fr\/wp-content\/uploads\/2023\/04\/hospit-ct-2-1024x768.jpg 1024w, https:\/\/cliniqueanimalzen.fr\/wp-content\/uploads\/2023\/04\/hospit-ct-2-300x225.jpg 300w, https:\/\/cliniqueanimalzen.fr\/wp-content\/uploads\/2023\/04\/hospit-ct-2-768x576.jpg 768w, https:\/\/cliniqueanimalzen.fr\/wp-content\/uploads\/2023\/04\/hospit-ct-2-1536x1152.jpg 1536w, https:\/\/cliniqueanimalzen.fr\/wp-content\/uploads\/2023\/04\/hospit-ct-2-1568x1176.jpg 1568w, https:\/\/cliniqueanimalzen.fr\/wp-content\/uploads\/2023\/04\/hospit-ct-2.jpg 2048w\" sizes=\"auto, (max-width: 1024px) 100vw, 1024px\" \/><\/figure>\n\n\n\n<figure class=\"wp-block-image size-large\"><img loading=\"lazy\" decoding=\"async\" width=\"1024\" height=\"768\" data-id=\"658\" src=\"http:\/\/cliniqueanimalzen.fr\/wp-content\/uploads\/2023\/04\/hospit-ct-1-1024x768.jpg\" alt=\"\" class=\"wp-image-658\" srcset=\"https:\/\/cliniqueanimalzen.fr\/wp-content\/uploads\/2023\/04\/hospit-ct-1-1024x768.jpg 1024w, https:\/\/cliniqueanimalzen.fr\/wp-content\/uploads\/2023\/04\/hospit-ct-1-300x225.jpg 300w, https:\/\/cliniqueanimalzen.fr\/wp-content\/uploads\/2023\/04\/hospit-ct-1-768x576.jpg 768w, https:\/\/cliniqueanimalzen.fr\/wp-content\/uploads\/2023\/04\/hospit-ct-1-1536x1152.jpg 1536w, https:\/\/cliniqueanimalzen.fr\/wp-content\/uploads\/2023\/04\/hospit-ct-1-1568x1176.jpg 1568w, https:\/\/cliniqueanimalzen.fr\/wp-content\/uploads\/2023\/04\/hospit-ct-1.jpg 2048w\" sizes=\"auto, (max-width: 1024px) 100vw, 1024px\" \/><\/figure>\n<\/figure>\n\n\n\n<p class=\"justifier-paragraphe\">Enfin, notre salle de chirurgie se trouve \u00e0 c\u00f4t\u00e9 de la salle de pr\u00e9paration. Elle est \u00e9quip\u00e9e d\u2019un appareil d\u2019anesth\u00e9sie gazeuse \u00e0 isoflurane, et d\u2019un appareil de monitoring complet, qui permet de surveiller pendant l\u2019anesth\u00e9sie la fr\u00e9quence respiratoire, le taux d\u2019oxyg\u00e8ne, de CO\u00b2, la fr\u00e9quence cardiaque, la temp\u00e9rature et la pression art\u00e9rielle de l\u2019animal op\u00e9r\u00e9. C\u2019est cette surveillance qui nous permet de d\u00e9pister rapidement une anomalie et de mettre en place les mesures n\u00e9cessaires pour notre patient.<\/p>\n","protected":false},"excerpt":{"rendered":"<p>Bienvenue \u00e0 la clinique v\u00e9t\u00e9rinaire l\u2019Animal Zen! Situ\u00e9e \u00e0 Eschau, dans la zone d\u2019activit\u00e9 des fusiliers marins, la clinique a ouvert ses portes le 25 avril 2022. Vous nous trouverez au 13 rue du commerce, \u00e0 c\u00f4t\u00e9 du magasin \u201cAu bon conseil\u201d et en face de la station de lavage l&rsquo;\u00e9l\u00e9phant bleu. Lorsque vous arrivez<a class=\"more-link\" href=\"https:\/\/cliniqueanimalzen.fr\/index.php\/la-clinique\/\">Lire la suite <span class=\"screen-reader-text\">\u00ab\u00a0La clinique\u00a0\u00bb<\/span><\/a><\/p>\n","protected":false},"author":1,"featured_media":0,"parent":0,"menu_order":0,"comment_status":"closed","ping_status":"closed","template":"","meta":{"footnotes":""},"class_list":["post-129","page","type-page","status-publish","hentry","entry"],"_links":{"self":[{"href":"https:\/\/cliniqueanimalzen.fr\/index.php\/wp-json\/wp\/v2\/pages\/129","targetHints":{"allow":["GET"]}}],"collection":[{"href":"https:\/\/cliniqueanimalzen.fr\/index.php\/wp-json\/wp\/v2\/pages"}],"about":[{"href":"https:\/\/cliniqueanimalzen.fr\/index.php\/wp-json\/wp\/v2\/types\/page"}],"author":[{"embeddable":true,"href":"https:\/\/cliniqueanimalzen.fr\/index.php\/wp-json\/wp\/v2\/users\/1"}],"replies":[{"embeddable":true,"href":"https:\/\/cliniqueanimalzen.fr\/index.php\/wp-json\/wp\/v2\/comments?post=129"}],"version-history":[{"count":9,"href":"https:\/\/cliniqueanimalzen.fr\/index.php\/wp-json\/wp\/v2\/pages\/129\/revisions"}],"predecessor-version":[{"id":787,"href":"https:\/\/cliniqueanimalzen.fr\/index.php\/wp-json\/wp\/v2\/pages\/129\/revisions\/787"}],"wp:attachment":[{"href":"https:\/\/cliniqueanimalzen.fr\/index.php\/wp-json\/wp\/v2\/media?parent=129"}],"curies":[{"name":"wp","href":"https:\/\/api.w.org\/{rel}","templated":true}]}}